{"id":2941,"date":"2026-05-04T18:39:22","date_gmt":"2026-05-04T10:39:22","guid":{"rendered":"http:\/\/olukai-usa.com\/?post_type=product&#038;p=2941"},"modified":"2026-05-04T18:41:17","modified_gmt":"2026-05-04T10:41:17","slug":"hoopio-malua-trench-blue-paradise","status":"publish","type":"product","link":"https:\/\/olukai-usa.com\/index.php\/product\/hoopio-malua-trench-blue-paradise\/","title":{"rendered":"Ho\u2018\u014dpio Malu\u0101 &#8211;  Trench Blue \/ Paradise"},"content":{"rendered":"<p data-pm-slice=\"1 3 []\">Beach day ready and everything in between, the Ho\u2018\u014dpio M\u0101lua is a versatile sandal designed for comfort, style, and performance. Whether you&#8217;re exploring Waik\u012bk\u012b or heading to the North Shore, this water-friendly sandal keeps you stylish, supported, and secure with every step, wet or dry.<\/p>\n<p><strong>Key Features<\/strong><\/p>\n<ol class=\"ProsemirrorEditor-list\">\n<li class=\"ProsemirrorEditor-listItem\" data-list-indent=\"1\" data-list-type=\"bulleted\">\n<p><strong>Stylish Dual-Strap:<\/strong> Soft, foam-padded PU straps with a nylon toe post add a touch of craft and style, while also providing a secure and comfortable fit.<\/p>\n<\/li>\n<li class=\"ProsemirrorEditor-listItem\" data-list-indent=\"1\" data-list-type=\"bulleted\">\n<p><strong>Water-Friendly Versatility:<\/strong> Designed to handle both ocean adventures and everyday wear.<\/p>\n<\/li>\n<li class=\"ProsemirrorEditor-listItem\" data-list-indent=\"1\" data-list-type=\"bulleted\">\n<p><strong>Secure Grip:<\/strong> Non-marking rubber outsole with a pod design ensures grip on wet and dry surfaces.<\/p>\n<\/li>\n<\/ol>\n","protected":false},"excerpt":{"rendered":"<p>Beach day ready and everything in between, the Ho\u2018\u014dpio  [&#8230;]\n","protected":false},"featured_media":2966,"comment_status":"closed","ping_status":"closed","template":"","meta":[],"product_brand":[],"product_cat":[15],"product_tag":[263,264,16,61,17,66,28,29,69,94,265,31,133,96,266,81,49,51,267,268,119,151,57,103,175,269,270,271,106,276,104,272,273,274,176,105,275],"class_list":{"0":"post-2941","1":"product","2":"type-product","3":"status-publish","4":"has-post-thumbnail","6":"product_cat-uncategorized","7":"product_tag-60hoopio-malua-w","8":"product_tag-archlow","9":"product_tag-archstandard","10":"product_tag-beach-sandals","11":"product_tag-beach-boat","12":"product_tag-catsandals","13":"product_tag-fitnarrow","14":"product_tag-fitstandard","15":"product_tag-flip-flops","16":"product_tag-genderwomen","17":"product_tag-hoopio-malua","18":"product_tag-just-in","19":"product_tag-materialsynthetic","20":"product_tag-new","21":"product_tag-rgroup_20560","22":"product_tag-sandals","23":"product_tag-sizetrue","24":"product_tag-split_color","25":"product_tag-style1womens","26":"product_tag-style20560","27":"product_tag-style2womens","28":"product_tag-synthetic","29":"product_tag-water-friendly","30":"product_tag-women","31":"product_tag-women-fliplflop","32":"product_tag-women-slipper","33":"product_tag-women-slippers","34":"product_tag-women-slpers","35":"product_tag-womens-2","36":"product_tag-womens-sandler","37":"product_tag-womens","38":"product_tag-womens-fipflops","39":"product_tag-womensflip-flop","40":"product_tag-womensippers","41":"product_tag-womenssandal","42":"product_tag-womenssandals","43":"product_tag-womensslippers","45":"first","46":"instock","47":"shipping-taxable","48":"purchasable","49":"product-type-variable"},"_links":{"self":[{"href":"https:\/\/olukai-usa.com\/index.php\/wp-json\/wp\/v2\/product\/2941","targetHints":{"allow":["GET"]}}],"collection":[{"href":"https:\/\/olukai-usa.com\/index.php\/wp-json\/wp\/v2\/product"}],"about":[{"href":"https:\/\/olukai-usa.com\/index.php\/wp-json\/wp\/v2\/types\/product"}],"replies":[{"embeddable":true,"href":"https:\/\/olukai-usa.com\/index.php\/wp-json\/wp\/v2\/comments?post=2941"}],"wp:featuredmedia":[{"embeddable":true,"href":"https:\/\/olukai-usa.com\/index.php\/wp-json\/wp\/v2\/media\/2966"}],"wp:attachment":[{"href":"https:\/\/olukai-usa.com\/index.php\/wp-json\/wp\/v2\/media?parent=2941"}],"wp:term":[{"taxonomy":"product_brand","embeddable":true,"href":"https:\/\/olukai-usa.com\/index.php\/wp-json\/wp\/v2\/product_brand?post=2941"},{"taxonomy":"product_cat","embeddable":true,"href":"https:\/\/olukai-usa.com\/index.php\/wp-json\/wp\/v2\/product_cat?post=2941"},{"taxonomy":"product_tag","embeddable":true,"href":"https:\/\/olukai-usa.com\/index.php\/wp-json\/wp\/v2\/product_tag?post=2941"}],"curies":[{"name":"wp","href":"https:\/\/api.w.org\/{rel}","templated":true}]}}